{"id":7116,"date":"2019-11-22T04:11:25","date_gmt":"2019-11-22T04:11:25","guid":{"rendered":"https:\/\/lisboainnovation.com\/?page_id=7116"},"modified":"2024-10-18T16:27:06","modified_gmt":"2024-10-18T16:27:06","slug":"sobre-nos","status":"publish","type":"page","link":"https:\/\/lisboainnovation.com\/pt\/sobre-nos\/","title":{"rendered":"Sobre N\u00f3s"},"content":{"rendered":"\t\t<div data-elementor-type=\"wp-page\" data-elementor-id=\"7116\" class=\"elementor elementor-7116 elementor-2517\" data-elementor-post-type=\"page\">\n\t\t\t\t\t\t<section class=\"elementor-section elementor-top-section elementor-element elementor-element-a3175a2 elementor-section-full_width elementor-section-height-min-height elementor-section-stretched elementor-hidden-widescreen elementor-hidden-desktop elementor-hidden-laptop elementor-hidden-tablet elementor-hidden-mobile elementor-section-height-default elementor-section-items-middle elementor-section-column-vertical-align-stretch\" data-id=\"a3175a2\" data-element_type=\"section\" data-settings=\"{&quot;stretch_section&quot;:&quot;section-stretched&quot;,&quot;background_background&quot;:&quot;classic&quot;}\">\n\t\t\t\t\t\t<div class=\"elementor-container elementor-column-gap-no\">\n\t\t\t\t\t<div class=\"elementor-column elementor-col-100 elementor-top-column elementor-element elementor-element-a97fb73\" data-id=\"a97fb73\" data-element_type=\"column\">\n\t\t\t<div class=\"elementor-widget-wrap elementor-element-populated\">\n\t\t\t\t\t\t<div class=\"elementor-element elementor-element-9cbd0e3 elementor-widget elementor-widget-video\" data-id=\"9cbd0e3\" data-element_type=\"widget\" data-settings=\"{&quot;video_type&quot;:&quot;hosted&quot;,&quot;autoplay&quot;:&quot;yes&quot;,&quot;play_on_mobile&quot;:&quot;yes&quot;,&quot;mute&quot;:&quot;yes&quot;,&quot;loop&quot;:&quot;yes&quot;}\" data-widget_type=\"video.default\">\n\t\t\t\t<div class=\"elementor-widget-container\">\n\t\t\t\t\t<div class=\"e-hosted-video elementor-wrapper elementor-open-inline\">\n\t\t\t\t\t<video class=\"elementor-video\" src=\"https:\/\/lisboainnovation.com\/wp-content\/uploads\/2023\/09\/Lisboa-Unicorn-Capital-F_2-1.mp4\" autoplay=\"\" loop=\"\" muted=\"muted\" playsinline=\"\" controlsList=\"nodownload\"><\/video>\n\t\t\t\t<\/div>\n\t\t\t\t<\/div>\n\t\t\t\t<\/div>\n\t\t\t\t\t<\/div>\n\t\t<\/div>\n\t\t\t\t\t<\/div>\n\t\t<\/section>\n\t\t\t\t<section class=\"elementor-section elementor-top-section elementor-element elementor-element-f5c34be elementor-section-stretched elementor-section-boxed elementor-section-height-default elementor-section-height-default elementor-section-content-align-center elementor-section-column-vertical-align-stretch\" data-id=\"f5c34be\" data-element_type=\"section\" data-settings=\"{&quot;stretch_section&quot;:&quot;section-stretched&quot;,&quot;background_background&quot;:&quot;classic&quot;}\">\n\t\t\t\t\t\t<div class=\"elementor-container elementor-column-gap-no\">\n\t\t\t\t\t<div class=\"elementor-column elementor-col-100 elementor-top-column elementor-element elementor-element-f9d0598\" data-id=\"f9d0598\" data-element_type=\"column\">\n\t\t\t<div class=\"elementor-widget-wrap elementor-element-populated\">\n\t\t\t\t\t\t<div class=\"elementor-element elementor-element-dd8322d h1 elementor-widget elementor-widget-heading\" data-id=\"dd8322d\" data-element_type=\"widget\" data-widget_type=\"heading.default\">\n\t\t\t\t<div class=\"elementor-widget-container\">\n\t\t\t<h1 class=\"elementor-heading-title elementor-size-default\">Home of Believers<\/h1>\t\t<\/div>\n\t\t\t\t<\/div>\n\t\t\t\t<div class=\"elementor-element elementor-element-b1c78e6 p2 elementor-widget elementor-widget-text-editor\" data-id=\"b1c78e6\" data-element_type=\"widget\" data-widget_type=\"text-editor.default\">\n\t\t\t\t<div class=\"elementor-widget-container\">\n\t\t\t\t\t\t\t<p><strong>Lisboa Innovation <\/strong>\u00e9 a plataforma da C\u00e2mara Municipal de Lisboa que re\u00fane as v\u00e1rias iniciativas na \u00e1rea da inova\u00e7\u00e3o e promo\u00e7\u00e3o do empreendedorismo, dando corpo \u00e0 ambiciosa vis\u00e3o de criar um hub global de empreendedorismo e tecnologia.<\/p>\t\t\t\t\t\t<\/div>\n\t\t\t\t<\/div>\n\t\t\t\t\t<\/div>\n\t\t<\/div>\n\t\t\t\t\t<\/div>\n\t\t<\/section>\n\t\t\t\t<section class=\"elementor-section elementor-top-section elementor-element elementor-element-526fc15 elementor-section-stretched half-left-purple elementor-section-height-min-height elementor-section-boxed elementor-section-height-default elementor-section-items-middle elementor-section-column-vertical-align-stretch\" data-id=\"526fc15\" data-element_type=\"section\" data-settings=\"{&quot;stretch_section&quot;:&quot;section-stretched&quot;,&quot;background_background&quot;:&quot;classic&quot;}\">\n\t\t\t\t\t\t<div class=\"elementor-container elementor-column-gap-no\">\n\t\t\t\t\t<div class=\"elementor-column elementor-col-50 elementor-top-column elementor-element elementor-element-c8f2cc3\" data-id=\"c8f2cc3\" data-element_type=\"column\">\n\t\t\t<div class=\"elementor-widget-wrap\">\n\t\t\t\t\t\t\t<\/div>\n\t\t<\/div>\n\t\t\t\t<div class=\"elementor-column elementor-col-50 elementor-top-column elementor-element elementor-element-9451a36\" data-id=\"9451a36\" data-element_type=\"column\">\n\t\t\t<div class=\"elementor-widget-wrap elementor-element-populated\">\n\t\t\t\t\t\t<div class=\"elementor-element elementor-element-510f079 elementor-widget elementor-widget-text-editor\" data-id=\"510f079\" data-element_type=\"widget\" data-widget_type=\"text-editor.default\">\n\t\t\t\t<div class=\"elementor-widget-container\">\n\t\t\t\t\t\t\t<p>A <strong>Lisboa Innovation<\/strong>\u00a0integra os principais atores, programas e entidades focadas em inova\u00e7\u00e3o associadas ao munic\u00edpio e ao ecossistema da cidade. O nosso objetivo \u00e9 consolidar e unir estes recursos para solidificar a posi\u00e7\u00e3o de Lisboa como capital da inova\u00e7\u00e3o.<\/p><p>\u00a0<\/p><p><strong>A ambi\u00e7\u00e3o \u00e9 clara: afirmar Lisboa como capital da inova\u00e7\u00e3o na Europa.<\/strong> Sob a al\u00e7ada do corvo de Lisboa, e com a arte de bem receber que caracteriza os lisboetas, os inovadores e pioneiros de todo o mundo encontram na nossa cidade a sua nova casa.<\/p>\t\t\t\t\t\t<\/div>\n\t\t\t\t<\/div>\n\t\t\t\t\t<\/div>\n\t\t<\/div>\n\t\t\t\t\t<\/div>\n\t\t<\/section>\n\t\t\t\t<section class=\"elementor-section elementor-top-section elementor-element elementor-element-93c0827 elementor-section-stretched elementor-section-column-vertical-align-middle elementor-section-height-min-height elementor-section-boxed elementor-section-height-default elementor-section-items-middle\" data-id=\"93c0827\" data-element_type=\"section\" data-settings=\"{&quot;stretch_section&quot;:&quot;section-stretched&quot;,&quot;background_background&quot;:&quot;classic&quot;}\">\n\t\t\t\t\t\t<div class=\"elementor-container elementor-column-gap-no\">\n\t\t\t\t\t<div class=\"elementor-column elementor-col-50 elementor-top-column elementor-element elementor-element-ee36c5a\" data-id=\"ee36c5a\" data-element_type=\"column\">\n\t\t\t<div class=\"elementor-widget-wrap elementor-element-populated\">\n\t\t\t\t\t\t<div class=\"elementor-element elementor-element-00a1fd5 h1 elementor-widget elementor-widget-heading\" data-id=\"00a1fd5\" data-element_type=\"widget\" data-widget_type=\"heading.default\">\n\t\t\t\t<div class=\"elementor-widget-container\">\n\t\t\t<h2 class=\"elementor-heading-title elementor-size-default\">Miss\u00e3o e funcionalidades<\/h2>\t\t<\/div>\n\t\t\t\t<\/div>\n\t\t\t\t<div class=\"elementor-element elementor-element-601a5ac elementor-widget elementor-widget-text-editor\" data-id=\"601a5ac\" data-element_type=\"widget\" data-widget_type=\"text-editor.default\">\n\t\t\t\t<div class=\"elementor-widget-container\">\n\t\t\t\t\t\t\t<p><strong style=\"color: white;\">Mapeamento do ecossistema de inova\u00e7\u00e3o e empreendedorismo<\/strong><\/p><p>\u00a0<\/p><p>O mapa oficial dos hubs de inova\u00e7\u00e3o da cidade de Lisboa onde \u00e9 poss\u00edvel encontrar todos os coworks, incubadoras, aceleradoras e investidores da cidade e ao qual todos se podem juntar. Encontra e acompanha quem pertence \u00e0 comunidade empreendedora de Lisboa,quem s\u00e3o os seus parceiros e envia-lhes uma mensagem.<\/p><p>\u00a0<\/p><p>Consulta tamb\u00e9m todas a evolu\u00e7\u00e3o das startups de Lisboa no nosso dashboard (Dealroom).<\/p>\t\t\t\t\t\t<\/div>\n\t\t\t\t<\/div>\n\t\t\t\t\t<\/div>\n\t\t<\/div>\n\t\t\t\t<div class=\"elementor-column elementor-col-50 elementor-top-column elementor-element elementor-element-6a86e21\" data-id=\"6a86e21\" data-element_type=\"column\" data-settings=\"{&quot;background_background&quot;:&quot;classic&quot;}\">\n\t\t\t<div class=\"elementor-widget-wrap\">\n\t\t\t\t\t\t\t<\/div>\n\t\t<\/div>\n\t\t\t\t\t<\/div>\n\t\t<\/section>\n\t\t\t\t<section class=\"elementor-section elementor-top-section elementor-element elementor-element-f59ece1 elementor-section-stretched elementor-section-height-min-height elementor-section-boxed elementor-section-height-default elementor-section-items-middle elementor-section-column-vertical-align-stretch\" data-id=\"f59ece1\" data-element_type=\"section\" data-settings=\"{&quot;stretch_section&quot;:&quot;section-stretched&quot;,&quot;background_background&quot;:&quot;classic&quot;}\">\n\t\t\t\t\t\t<div class=\"elementor-container elementor-column-gap-no\">\n\t\t\t\t\t<div class=\"elementor-column elementor-col-50 elementor-top-column elementor-element elementor-element-e2a2127\" data-id=\"e2a2127\" data-element_type=\"column\">\n\t\t\t<div class=\"elementor-widget-wrap\">\n\t\t\t\t\t\t\t<\/div>\n\t\t<\/div>\n\t\t\t\t<div class=\"elementor-column elementor-col-50 elementor-top-column elementor-element elementor-element-fdaca3d\" data-id=\"fdaca3d\" data-element_type=\"column\">\n\t\t\t<div class=\"elementor-widget-wrap elementor-element-populated\">\n\t\t\t\t\t\t<div class=\"elementor-element elementor-element-612d2af elementor-widget elementor-widget-text-editor\" data-id=\"612d2af\" data-element_type=\"widget\" data-widget_type=\"text-editor.default\">\n\t\t\t\t<div class=\"elementor-widget-container\">\n\t\t\t\t\t\t\t<p><strong>Desenvolver e Promover o ecossistema de inova\u00e7\u00e3o e empreendedorismo<\/strong><\/p><p>\u00a0<\/p><p>Um ecossistema forte \u00e9 feito de comunidades fortes que se ligam entre si. Queremos promover o desenvolvimento das v\u00e1rias comunidades empreendedoras da cidade, conectando os v\u00e1rios stakeholders. Com um ecossistema forte temos as condi\u00e7\u00f5es ideais para atrair as melhores startups e scaleups, bem como os melhores talentos e investidores para Lisboa.<\/p>\t\t\t\t\t\t<\/div>\n\t\t\t\t<\/div>\n\t\t\t\t\t<\/div>\n\t\t<\/div>\n\t\t\t\t\t<\/div>\n\t\t<\/section>\n\t\t\t\t<section class=\"elementor-section elementor-top-section elementor-element elementor-element-d6f3baa elementor-section-stretched half-right-yellow-up elementor-section-height-min-height elementor-section-column-vertical-align-middle elementor-section-boxed elementor-section-height-default elementor-section-items-middle\" data-id=\"d6f3baa\" data-element_type=\"section\" data-settings=\"{&quot;stretch_section&quot;:&quot;section-stretched&quot;,&quot;background_background&quot;:&quot;classic&quot;}\">\n\t\t\t\t\t\t<div class=\"elementor-container elementor-column-gap-no\">\n\t\t\t\t\t<div class=\"elementor-column elementor-col-50 elementor-top-column elementor-element elementor-element-ba50198 change-title-to-purple\" data-id=\"ba50198\" data-element_type=\"column\">\n\t\t\t<div class=\"elementor-widget-wrap elementor-element-populated\">\n\t\t\t\t\t\t<div class=\"elementor-element elementor-element-a658a2a elementor-widget elementor-widget-text-editor\" data-id=\"a658a2a\" data-element_type=\"widget\" data-widget_type=\"text-editor.default\">\n\t\t\t\t<div class=\"elementor-widget-container\">\n\t\t\t\t\t\t\t<p><strong>Blog, iniciativas e oportunidades no ecossistema<\/strong><\/p><p>\u00a0<\/p><p>Fica a conhecer todas as iniciativas da Lisboa Innovation: Open calls, programas relacionados com inova\u00e7\u00e3o e empreendedorismo e outras oportunidades para quem quer iniciar ou estabelecer o seu neg\u00f3cio em Lisboa.<\/p>\t\t\t\t\t\t<\/div>\n\t\t\t\t<\/div>\n\t\t\t\t\t<\/div>\n\t\t<\/div>\n\t\t\t\t<div class=\"elementor-column elementor-col-50 elementor-top-column elementor-element elementor-element-6428b51\" data-id=\"6428b51\" data-element_type=\"column\">\n\t\t\t<div class=\"elementor-widget-wrap\">\n\t\t\t\t\t\t\t<\/div>\n\t\t<\/div>\n\t\t\t\t\t<\/div>\n\t\t<\/section>\n\t\t\t\t<\/div>\n\t\t","protected":false},"excerpt":{"rendered":"<p>https:\/\/lisboainnovation.com\/wp-content\/uploads\/2023\/09\/Lisboa-Unicorn-Capital-F_2-1.mp4 Home of Believers Lisboa Innovation \u00e9 a plataforma da C\u00e2mara Municipal de Lisboa que re\u00fane as v\u00e1rias iniciativas na \u00e1rea da inova\u00e7\u00e3o e promo\u00e7\u00e3o do empreendedorismo, dando corpo \u00e0 ambiciosa vis\u00e3o de criar um hub global de empreendedorismo e tecnologia. A Lisboa Innovation\u00a0integra os principais atores, programas e entidades focadas em inova\u00e7\u00e3o associadas ao [&hellip;]<\/p>\n","protected":false},"author":1,"featured_media":0,"parent":0,"menu_order":0,"comment_status":"closed","ping_status":"closed","template":"","meta":{"_acf_changed":false,"om_disable_all_campaigns":false,"_monsterinsights_skip_tracking":false,"_monsterinsights_sitenote_active":false,"_monsterinsights_sitenote_note":"","_monsterinsights_sitenote_category":0,"footnotes":""},"class_list":["post-7116","page","type-page","status-publish","hentry"],"acf":[],"aioseo_notices":[],"_links":{"self":[{"href":"https:\/\/lisboainnovation.com\/pt\/wp-json\/wp\/v2\/pages\/7116","targetHints":{"allow":["GET"]}}],"collection":[{"href":"https:\/\/lisboainnovation.com\/pt\/wp-json\/wp\/v2\/pages"}],"about":[{"href":"https:\/\/lisboainnovation.com\/pt\/wp-json\/wp\/v2\/types\/page"}],"author":[{"embeddable":true,"href":"https:\/\/lisboainnovation.com\/pt\/wp-json\/wp\/v2\/users\/1"}],"replies":[{"embeddable":true,"href":"https:\/\/lisboainnovation.com\/pt\/wp-json\/wp\/v2\/comments?post=7116"}],"version-history":[{"count":95,"href":"https:\/\/lisboainnovation.com\/pt\/wp-json\/wp\/v2\/pages\/7116\/revisions"}],"predecessor-version":[{"id":13214,"href":"https:\/\/lisboainnovation.com\/pt\/wp-json\/wp\/v2\/pages\/7116\/revisions\/13214"}],"wp:attachment":[{"href":"https:\/\/lisboainnovation.com\/pt\/wp-json\/wp\/v2\/media?parent=7116"}],"curies":[{"name":"wp","href":"https:\/\/api.w.org\/{rel}","templated":true}]}}