{"id":7147,"date":"2023-08-29T16:13:35","date_gmt":"2023-08-29T16:13:35","guid":{"rendered":"https:\/\/lisboainnovation.com\/?page_id=7147"},"modified":"2023-09-15T15:35:12","modified_gmt":"2023-09-15T15:35:12","slug":"politica-de-cookies","status":"publish","type":"page","link":"https:\/\/lisboainnovation.com\/pt\/politica-de-cookies\/","title":{"rendered":"Pol\u00edtica de Cookies"},"content":{"rendered":"\t\t<div data-elementor-type=\"wp-page\" data-elementor-id=\"7147\" class=\"elementor elementor-7147 elementor-6237\" data-elementor-post-type=\"page\">\n\t\t\t\t\t\t<section class=\"elementor-section elementor-top-section elementor-element elementor-element-b659f84 elementor-section-boxed elementor-section-gap-beside-yes elementor-section-height-default elementor-section-height-default elementor-section-content-align-center elementor-section-column-vertical-align-stretch\" data-id=\"b659f84\" data-element_type=\"section\">\n\t\t\t\t\t\t<div class=\"elementor-container elementor-column-gap-extended\">\n\t\t\t\t\t<div class=\"elementor-column elementor-col-100 elementor-top-column elementor-element elementor-element-0625280\" data-id=\"0625280\" data-element_type=\"column\">\n\t\t\t<div class=\"elementor-widget-wrap elementor-element-populated\">\n\t\t\t\t\t\t<div class=\"elementor-element elementor-element-f77792a h1 elementor-widget elementor-widget-heading\" data-id=\"f77792a\" data-element_type=\"widget\" data-widget_type=\"heading.default\">\n\t\t\t\t<div class=\"elementor-widget-container\">\n\t\t\t<h1 class=\"elementor-heading-title elementor-size-default\">Pol\u00edtica de Cookies<\/h1>\t\t<\/div>\n\t\t\t\t<\/div>\n\t\t\t\t<div class=\"elementor-element elementor-element-3486e30 elementor-widget elementor-widget-text-editor\" data-id=\"3486e30\" data-element_type=\"widget\" data-widget_type=\"text-editor.default\">\n\t\t\t\t<div class=\"elementor-widget-container\">\n\t\t\t\t\t\t\t<div id=\"c1201\" class=\"frame frame-default frame-type-texticon frame-layout-0 frame-background-primary frame-no-backgroundimage frame-space-before-none frame-space-after-small\"><div class=\"frame-container\"><div class=\"frame-inner\"><div class=\"texticon texticon-left\"><div class=\"texticon-content\"><header class=\"frame-header\"><h2 class=\"element-header \">Sobre a utiliza\u00e7\u00e3o de Cookies<\/h2><\/header><p>Para garantir o bom funcionamento dos s\u00edtios Web geridos pela C\u00e2mara Municipal de Lisboa, instalamos por vezes pequenos ficheiros de dados, os chamados &#8220;cookies&#8221;, no seu dispositivo.<\/p><p>Para informa\u00e7\u00f5es sobre o processamento dos seus dados pessoais, consulte a nossa\u00a0<a class=\"link-page\" title=\"Pol\u00edtica de privacidade\" href=\"https:\/\/www.lisboa.pt\/politica-de-privacidade\">Pol\u00edtica de Privacidade<\/a>.<\/p><\/div><\/div><\/div><\/div><\/div><div id=\"c1202\" class=\"frame frame-indent frame-type-text frame-layout-0 frame-background-none frame-no-backgroundimage frame-space-before-none frame-space-after-small\"><div class=\"frame-container\"><div class=\"frame-inner\"><header class=\"frame-header\"><h2>\u00a0<\/h2><h2 class=\"element-header \">1. Quem somos?<\/h2><\/header><p>O Munic\u00edpio de Lisboa com sede na Pra\u00e7a do Munic\u00edpio, 1100-038 Lisboa, Portugal, +351 213 236 200.<\/p><h2>\u00a0<\/h2><h2>2. O que s\u00e3o cookies?<\/h2><p>Um\u00a0<i>cookie<\/i>\u00a0(tamb\u00e9m conhecido como \u00abtestemunho de conex\u00e3o\u00bb) \u00e9 um pequeno ficheiro de texto que um s\u00edtio Web instala no seu computador ou dispositivo m\u00f3vel quando o visita.<\/p><ul class=\"list-normal\"><li>Os\u00a0<strong><i>cookies<\/i>\u00a0de origem<\/strong>\u00a0s\u00e3o cookies instalados pelo s\u00edtio Web que est\u00e1 a visitar. S\u00f3 esse s\u00edtio poder\u00e1 voltar a l\u00ea-los. Os s\u00edtios Web podem usar servi\u00e7os externos que tamb\u00e9m definem os seus pr\u00f3prios cookies: s\u00e3o os chamados\u00a0<strong><i>cookies<\/i>\u00a0de terceiros<\/strong>.<\/li><li>Os\u00a0<strong><i>cookies<\/i>\u00a0persistentes<\/strong>\u00a0s\u00e3o guardados no seu computador e n\u00e3o s\u00e3o automaticamente apagados quando fecha o navegador, ao contr\u00e1rio dos\u00a0<strong><i>cookies<\/i>\u00a0de sess\u00e3o<\/strong>, que s\u00e3o apagados quando fecha o seu navegador.<\/li><\/ul><p>Cada vez que visita este s\u00edtio\u00a0<i>Web<\/i>\u00a0do Munic\u00edpio de Lisboa, \u00e9-lhe pedido que\u00a0<strong>aceite ou recuse a instala\u00e7\u00e3o de\u00a0<i>cookies<\/i><\/strong>. O objetivo, ao aceitar, \u00e9 permitir que o s\u00edtio se lembre das suas prefer\u00eancias durante um determinado per\u00edodo. Por exemplo, quando um Utilizador volta \u00e0 p\u00e1gina anterior de um site, o\u00a0<i>cookie<\/i>\u00a0permite-lhe voltar a essa p\u00e1gina com as prefer\u00eancias que o Utilizador tinha anteriormente selecionado. Alguns\u00a0<i>cookies<\/i>\u00a0cont\u00eam dados pessoais (por exemplo quando o Utilizador usa o &#8220;lembrar-me&#8221;, o\u00a0<i>cookie<\/i>\u00a0armazena o nome de utilizador, o qual poder\u00e1 ser constitu\u00eddo pelo nome do titular dos dados).<\/p><p>Os\u00a0<i>cookies<\/i>\u00a0podem tamb\u00e9m ser usados para recolher dados estat\u00edsticos sobre a experi\u00eancia de navega\u00e7\u00e3o nos nossos s\u00edtios.<\/p><h2>\u00a0<\/h2><h2>3. Como usamos os cookies?<\/h2><p>Este s\u00edtio Web do Munic\u00edpio de Lisboa usa sobretudo \u00abcookies de origem\u00bb, que s\u00e3o exclusivamente instalados e controlados pelo Munic\u00edpio de Lisboa, sem a interfer\u00eancia de organiza\u00e7\u00f5es externas. No entanto, para ver algumas das nossas p\u00e1ginas que disponibilizam conte\u00fado externo ao s\u00edtio Web do Munic\u00edpio, tem de aceitar\u00a0<i>cookies<\/i>\u00a0de organiza\u00e7\u00f5es externas.<\/p><p>Os\u00a0<strong>dois tipos de\u00a0<i>cookies\u00a0<\/i>de origem<\/strong>\u00a0que usamos servem para:<\/p><ul class=\"list-normal\"><li>guardar as prefer\u00eancias dos visitantes<\/li><li>garantir o bom funcionamento do nosso s\u00edtio Web<\/li><\/ul><p>O Munic\u00edpio de Lisboa utiliza neste s\u00edtio web os seguintes\u00a0<i>cookies<\/i>:<\/p><p>i)\u00a0<strong><i>Cookies<\/i>\u00a0estritamente necess\u00e1rios<\/strong>: essenciais para ajudar a tornar o s\u00edtio Web utiliz\u00e1vel, servem para melhorar a sua experi\u00eancia de navega\u00e7\u00e3o, a seguran\u00e7a e o desempenho do s\u00edtio Web, permitindo aceder \u00e0s principais funcionalidades do website, e por isso est\u00e3o sempre ativados. S\u00e3o especificamente cookies t\u00e9cnicos, obrigat\u00f3rios para determinados sistemas inform\u00e1ticos.<\/p><p>Estes\u00a0<i>cookies<\/i>\u00a0asseguram o bom funcionamento do s\u00edtio Web, dos servi\u00e7os e das diferentes ferramentas disponibilizadas no mesmo.<\/p><p>Apenas os\u00a0<i>cookies<\/i>\u00a0estritamente necess\u00e1rios podem ser instalados sem o consentimento do utilizador. Sem estes\u00a0<i>cookies<\/i>, o s\u00edtio Web pode n\u00e3o funcionar corretamente. A lista de\u00a0<i>cookies<\/i>\u00a0estritamente necess\u00e1rios \u00e9 objeto de constante altera\u00e7\u00e3o pelo que recomendamos que seja consultada com regularidade.<\/p><p>ii)\u00a0<strong><i>Cookies\u00a0<\/i>de desempenho e an\u00e1lise<\/strong>: permitem analisar o desempenho do site e as suas funcionalidades, bem como monitorizar experi\u00eancias dos utilizadores relativamente \u00e0 utiliza\u00e7\u00e3o de dados agregados do s\u00edtio Web. Ajudam, por exemplo, a identificar a \u00e1rea geogr\u00e1fica mais comum dos endere\u00e7os IP, o tipo de dispositivos utilizados para aceder ao s\u00edtio Web, as p\u00e1ginas mais visitadas ou os links em que o Utilizador clica.<\/p><p>Estes cookies permitem avaliar a forma como o Utilizador interage com o nosso s\u00edtio Web e s\u00e3o instalados apenas ap\u00f3s o consentimento do mesmo.<\/p><p>Alguns dos cookies de desempenho que utilizamos:<\/p><p><small>Google (services: Google Tag Manager e Google Analytics )<br \/>O nosso website utiliza o Google Tag Manager e o Google Analytics.<br \/>Estes servi\u00e7os s\u00e3o fornecidos pela Google Ireland Limited (de ora em diante designada por Google). A Google utiliza cookies para nos ajudar a analisar a forma como o site \u00e9 utilizado.<br \/>As informa\u00e7\u00f5es recolhidas por estes\u00a0<i>cookies<\/i>\u00a0sobre o uso do website e o endere\u00e7o de IP s\u00e3o transmitidas pelo seu browser aos servidores da Google para processamento. \u00c9 poss\u00edvel que os dados sejam processados fora da Uni\u00e3o Europeia.<br \/>A Google poder\u00e1 processar os dados para avaliar o uso deste s\u00edtio Web, para compilar relat\u00f3rios sobre a sua atividade.<br \/>Estes cookies t\u00eam uma dura\u00e7\u00e3o de 2 anos.<br \/>Para mais informa\u00e7\u00e3o sobre o tratamento dos dados, consulte\u00a0<a href=\"https:\/\/policies.google.com\/technologies\/partner-sites\" target=\"_blank\" rel=\"noopener noreferrer\">https:\/\/policies.google.com\/technologies\/partner-sites<\/a>\u00a0.<\/small><\/p><h2>\u00a0<\/h2><h2>4. Cookies de terceiros<\/h2><p>Algumas das nossas p\u00e1ginas incluem conte\u00fados de s\u00edtios externos como o YouTube e Vimeo.<\/p><p>Para aceder a estes conte\u00fados de terceiros, deve come\u00e7ar por aceitar as suas condi\u00e7\u00f5es espec\u00edficas, nomeadamente as pol\u00edticas de cookies, em rela\u00e7\u00e3o \u00e0s quais n\u00e3o temos qualquer controlo.<\/p><p>Contudo, caso n\u00e3o visualize este tipo de conte\u00fados, n\u00e3o ser\u00e3o instalados cookies de terceiros no seu dispositivo.<\/p><p>Os servi\u00e7os prestados por terceiros n\u00e3o s\u00e3o controlados pelo Munic\u00edpio de Lisboa. Os prestadores podem, a qualquer momento, alterar as condi\u00e7\u00f5es do servi\u00e7o, a utiliza\u00e7\u00e3o e a finalidade dos seus\u00a0<i>cookies<\/i>.<\/p><p><strong>Prestadores de servi\u00e7os neste website<\/strong><br \/><small><a class=\"link-external\" title=\"Consultar termos Vimeo\" href=\"https:\/\/vimeo.com\/terms\" target=\"_blank\" rel=\"noopener noreferrer\">Vimeo<\/a><\/small><br \/><small><a class=\"link-external\" title=\"Consultar termos Google\" href=\"https:\/\/policies.google.com\/terms?hl=en&amp;gl=be\" target=\"_blank\" rel=\"noopener noreferrer\">Google<\/a><\/small><\/p><\/div><\/div><\/div><div id=\"c18635\" class=\"frame frame-indent frame-type-list frame-layout-0 frame-background-none frame-no-backgroundimage frame-space-before-none frame-space-after-small\"><div class=\"frame-container\"><div class=\"frame-inner\"><header class=\"frame-header\"><h2>\u00a0<\/h2><h2 class=\"element-header \">5. Quais os cookies espec\u00edficos utilizados?<\/h2><\/header><div class=\"tx-we-cookie-consent\"><span class=\"service__headline\">Cookies estritamente necess\u00e1rios<\/span><p>Estes cookies asseguram o bom funcionamento do website, dos servi\u00e7os e das diferentes ferramentas disponibilizadas no mesmo.<\/p><table class=\"table table-striped table-hover table-sm\"><thead><tr><th scope=\"col\">NOME<\/th><th scope=\"col\">DESCRI\u00c7\u00c3O<\/th><th scope=\"col\">DURA\u00c7\u00c3O<\/th><\/tr><\/thead><tbody><tr><td>klaro<\/td><td><p>Guardar as suas prefer\u00eancias em mat\u00e9ria de cookies (para n\u00e3o voltarmos a fazer a mesma pergunta).<\/p><\/td><td>1 ano<\/td><\/tr><tr><td>fe_typo_user<\/td><td><p>Este nome de cookie est\u00e1 associado ao sistema de gest\u00e3o de conte\u00fados Typo3. Geralmente \u00e9 usado como um identificador de sess\u00e3o do utilizador para permitir que as suas prefer\u00eancias sejam armazenadas. Ele cont\u00e9m um identificador aleat\u00f3rio em vez de quaisquer dados espec\u00edficos do utilizador.<\/p><\/td><td>Sess\u00e3o<\/td><\/tr><\/tbody><\/table><span class=\"service__headline\">Cookies de funcionalidade e an\u00e1lise<\/span><p>Estes cookies permitem analisar os seus h\u00e1bitos de navega\u00e7\u00e3o de forma a melhorar o funcionamento do website.<\/p><table class=\"table table-striped table-hover table-sm\"><thead><tr><th scope=\"col\">NOME<\/th><th scope=\"col\">DESCRI\u00c7\u00c3O<\/th><th scope=\"col\">DURA\u00c7\u00c3O<\/th><\/tr><\/thead><tbody><tr><td>_ga<\/td><td><p>Usado para distinguir visitas de visitantes.<\/p><\/td><td>2 anos<\/td><\/tr><tr><td>_gat<\/td><td><p>Controla a taxa de pedidos ao Google Analytics.<\/p><\/td><td>1 dia<\/td><\/tr><tr><td>_gid<\/td><td><p>Usado para distinguir utilizadores.<\/p><\/td><td>1 dia<\/td><\/tr><\/tbody><\/table><span class=\"service__headline\">Cookies de terceiros<\/span><p>Algumas das nossas p\u00e1ginas incluem conte\u00fados de s\u00edtios externos.<\/p><table class=\"table table-striped table-hover table-sm\"><thead><tr><th scope=\"col\">NOME<\/th><th scope=\"col\">DESCRI\u00c7\u00c3O<\/th><th scope=\"col\">DURA\u00c7\u00c3O<\/th><\/tr><\/thead><tbody><tr><td>AWSALB<\/td><td><p>Cookie que, em cada consulta subsequente, mant\u00e9m o utilizador no mesmo servidor ao qual acedeu na primeira consulta.<\/p><p><strong>Provider:<\/strong>\u00a0chatwidget.dashboard-visor.com<\/p><\/td><td>Sess\u00e3o<\/td><\/tr><tr><td>AWSALBCORS<\/td><td><p>Cookie que, em cada consulta subsequente, mant\u00e9m o utilizador no mesmo servidor ao qual acedeu na primeira consulta.<\/p><p><strong>Provider:<\/strong>\u00a0chatwidget.dashboard-visor.com<\/p><\/td><td>Sess\u00e3o<\/td><\/tr><\/tbody><\/table><\/div><\/div><\/div><\/div><div id=\"c18600\" class=\"frame frame-indent frame-type-text frame-layout-0 frame-background-none frame-no-backgroundimage frame-space-before-none frame-space-after-small\"><div class=\"frame-container\"><div class=\"frame-inner\"><h2>\u00a0<\/h2><h2>6. Como fazer a gest\u00e3o dos cookies?<\/h2><p>Tem, a qualquer momento, a possibilidade de configurar o seu navegador para rejeitar todos os\u00a0<i>cookies<\/i>, para ser notificado quando um\u00a0<i>cookie<\/i>\u00a0\u00e9 emitido ou para n\u00e3o receber quaisquer\u00a0<i>cookies<\/i>. A forma como faz isso depende do navegador (<i>web browser<\/i>) que utiliza.<\/p><p>Notamos, por\u00e9m, que ao desativar os cookies poder\u00e1 modificar o desempenho do website, podendo resultar na impossibilidade de ter acesso a todas as sec\u00e7\u00f5es do site.<\/p><p>Os Utilizadores podem impedir o uso de cookies nas configura\u00e7\u00f5es do navegador. Nota-se, no entanto, que se limitar esta op\u00e7\u00e3o a utiliza\u00e7\u00e3o de alguns recursos ou o desempenho de determinadas ferramentas pode ficar condicionada.<\/p><p>\u00a0<\/p><p>\u00c9, ainda, poss\u00edvel usar extens\u00f5es dos navegadores (browser add-on\u2019s) para desativar a utiliza\u00e7\u00e3o de algumas fun\u00e7\u00f5es. Para fazer opt-out de ser monitorizado ou de manter um rasto digital pelo Google Analytics, atrav\u00e9s dos sites que\u00a0\u00a0 visita,\u00a0\u00a0 por\u00a0\u00a0 favor\u00a0\u00a0 consulte\u00a0\u00a0 a\u00a0\u00a0 informa\u00e7\u00e3o\u00a0\u00a0 dispon\u00edvel em:\u00a0\u00a0<a href=\"https:\/\/tools.google.com\/dlpage\/gaoptout\" target=\"_blank\" rel=\"noopener noreferrer\">tools.google.com\/dlpage\/gaoptout<\/a>.<\/p><p>Pode ainda clicar no bot\u00e3o &#8216;<strong>Gerir Configura\u00e7\u00f5es<\/strong>&#8216;\u00a0 e usar o\u00a0 sistema de gest\u00e3o de prefer\u00eancias atrav\u00e9s do qual \u00e9 poss\u00edvel, aquando do acesso aos sites, desabilitar todas as cookies consideradas como \u201cn\u00e3o essenciais\u201d, permitindo efetuar a gest\u00e3o das mesmas.<\/p><p>Salienta-se que, ao utilizar este sistema, a passagem de consentimento para n\u00e3o-consentimento n\u00e3o tem efeito retroativo, ou seja, n\u00e3o elimina cookies previamente instalados no seu dispositivo. Para esse efeito, deve eliminar os cookies atrav\u00e9s do seu navegador (verificar a seguir como o poder\u00e1 fazer).<\/p><p>Para obter mais informa\u00e7\u00f5es sobre a elimina\u00e7\u00e3o, desativa\u00e7\u00e3o ou bloqueio dos\u00a0<i>cookies<\/i>, por favor visite:\u00a0<a href=\"https:\/\/www.allaboutcookies.org\/\" target=\"_blank\" rel=\"noopener noreferrer\">https:\/\/www.allaboutcookies<\/a>.org<\/p><p>Os links infra explicam como poder\u00e1 gerir os\u00a0<i>cookies<\/i>\u00a0relativamente aos motores de busca mais comuns:<\/p><p>\u2212 Internet Explorer:\u00a0<a href=\"https:\/\/support.microsoft.com\/pt-pt\/help\/17442\/windows-internet-explorer-delete-manage-cookies\" target=\"_blank\" rel=\"noopener noreferrer\">https:\/\/support.microsoft.com\/pt-pt\/help\/17442\/windows-internet-explorer-delete-manage-cookies<\/a><\/p><p>\u2212 Microsoft Edge:\u00a0<a href=\"https:\/\/support.microsoft.com\/pt-pt\/help\/17442\/windows-internet-explorer-delete-manage-cookies\" target=\"_blank\" rel=\"noopener noreferrer\">https:\/\/support.microsoft.com\/pt-pt\/help\/17442\/windows-internet-explorer-delete-manage-cookies<\/a><\/p><p>\u2212 Google Chrome:\u00a0<a href=\"https:\/\/support.google.com\/accounts\/answer\/61416?co=GENIE.Platform%3DDesktop&amp;hl=pt-BR\" target=\"_blank\" rel=\"noopener noreferrer\">https:\/\/support.google.com\/accounts\/answer\/61416?co=GENIE.Platform%3DDesktop&amp;hl=pt-BR<\/a><\/p><p>\u2212 Firefox:\u00a0<a href=\"https:\/\/support.mozilla.org\/pt-PT\/kb\/ativar-desativar-cookies-websites-utilizam-monitorizar-preferencias\" target=\"_blank\" rel=\"noopener noreferrer\">https:\/\/support.mozilla.org\/pt-PT\/kb\/ativar-desativar-cookies-websites-utilizam-monitorizar-preferencias<\/a><\/p><p>\u2212 Safari:\u00a0<a href=\"https:\/\/support.apple.com\/pt-pt\/guide\/safari\/sfri11471\/mac\" target=\"_blank\" rel=\"noopener noreferrer\">https:\/\/support.apple.com\/pt-pt\/guide\/safari\/sfri11471\/mac<\/a><\/p><p>\u2212 Google Analytics:\u00a0<a href=\"https:\/\/tools.google.com\/dlpage\/gaoptout?hl=pt-BR\" target=\"_blank\" rel=\"noopener noreferrer\">https:\/\/tools.google.com\/dlpage\/gaoptout?hl=pt-BR<\/a><\/p><p>Para al\u00e9m do controlo exercido atrav\u00e9s do motor de busca, poder\u00e1 gerir os cookies de terceiros, atrav\u00e9s por exemplo dos seguintes recursos:\u00a0<a href=\"http:\/\/aboutads.info\/choices\/\" target=\"_blank\" rel=\"noopener noreferrer\">http:\/\/aboutads.info\/choices\/<\/a>\u00a0e\u00a0<a href=\"http:\/\/youronlinechoices.eu\/\" target=\"_blank\" rel=\"noopener noreferrer\">http:\/\/youronlinechoices.eu\/<\/a><\/p><h2>\u00a0<\/h2><h2>7. Direitos dos Utilizadores<\/h2><p>Para mais informa\u00e7\u00e3o relativamente aos seus direitos, por favor consulte a nossa\u00a0<a class=\"link-page\" title=\"Pol\u00edtica de Privacidade\" href=\"https:\/\/www.lisboa.pt\/politica-de-privacidade\">Pol\u00edtica de Privacidade<\/a>.<\/p><p>A presente Pol\u00edtica de\u00a0<i>Cookies<\/i>\u00a0poder\u00e1 ser revista pela C\u00e2mara Municipal de Lisboa, a qualquer momento. Sempre que seja alterada, atualizaremos a data de revis\u00e3o que encontra no par\u00e1grafo seguinte. A Pol\u00edtica de Cookies alterada, entrar\u00e1 em vigor a partir da data de revis\u00e3o.<\/p><p>Recomendamos aos utilizadores do nosso s\u00edtio Web que revejam a Pol\u00edtica de Cookies periodicamente, para se manterem informados sobre a gest\u00e3o de\u00a0<i>cookies<\/i>.<\/p><p>\u00a0<\/p><p><small>Data da \u00faltima atualiza\u00e7\u00e3o: 5 de maio de 2022.<\/small><\/p><\/div><\/div><\/div>\t\t\t\t\t\t<\/div>\n\t\t\t\t<\/div>\n\t\t\t\t\t<\/div>\n\t\t<\/div>\n\t\t\t\t\t<\/div>\n\t\t<\/section>\n\t\t\t\t<\/div>\n\t\t","protected":false},"excerpt":{"rendered":"<p>Pol\u00edtica de Cookies Sobre a utiliza\u00e7\u00e3o de Cookies Para garantir o bom funcionamento dos s\u00edtios Web geridos pela C\u00e2mara Municipal de Lisboa, instalamos por vezes pequenos ficheiros de dados, os chamados &#8220;cookies&#8221;, no seu dispositivo. Para informa\u00e7\u00f5es sobre o processamento dos seus dados pessoais, consulte a nossa\u00a0Pol\u00edtica de Privacidade. \u00a0 1. Quem somos? O Munic\u00edpio [&hellip;]<\/p>\n","protected":false},"author":1,"featured_media":0,"parent":0,"menu_order":0,"comment_status":"closed","ping_status":"closed","template":"","meta":{"_acf_changed":false,"om_disable_all_campaigns":false,"_monsterinsights_skip_tracking":false,"_monsterinsights_sitenote_active":false,"_monsterinsights_sitenote_note":"","_monsterinsights_sitenote_category":0,"footnotes":""},"class_list":["post-7147","page","type-page","status-publish","hentry"],"acf":[],"aioseo_notices":[],"_links":{"self":[{"href":"https:\/\/lisboainnovation.com\/pt\/wp-json\/wp\/v2\/pages\/7147","targetHints":{"allow":["GET"]}}],"collection":[{"href":"https:\/\/lisboainnovation.com\/pt\/wp-json\/wp\/v2\/pages"}],"about":[{"href":"https:\/\/lisboainnovation.com\/pt\/wp-json\/wp\/v2\/types\/page"}],"author":[{"embeddable":true,"href":"https:\/\/lisboainnovation.com\/pt\/wp-json\/wp\/v2\/users\/1"}],"replies":[{"embeddable":true,"href":"https:\/\/lisboainnovation.com\/pt\/wp-json\/wp\/v2\/comments?post=7147"}],"version-history":[{"count":7,"href":"https:\/\/lisboainnovation.com\/pt\/wp-json\/wp\/v2\/pages\/7147\/revisions"}],"predecessor-version":[{"id":7230,"href":"https:\/\/lisboainnovation.com\/pt\/wp-json\/wp\/v2\/pages\/7147\/revisions\/7230"}],"wp:attachment":[{"href":"https:\/\/lisboainnovation.com\/pt\/wp-json\/wp\/v2\/media?parent=7147"}],"curies":[{"name":"wp","href":"https:\/\/api.w.org\/{rel}","templated":true}]}}